{"id":587,"date":"2025-12-31T09:38:13","date_gmt":"2025-12-31T08:38:13","guid":{"rendered":"https:\/\/equalis-consulting.com\/?page_id=587"},"modified":"2026-01-06T16:11:56","modified_gmt":"2026-01-06T15:11:56","slug":"mentions-legales","status":"publish","type":"page","link":"https:\/\/equalis-consulting.com\/en\/mentions-legales\/","title":{"rendered":"Mentions l\u00e9gales"},"content":{"rendered":"<div data-elementor-type=\"wp-page\" data-elementor-id=\"587\" class=\"elementor elementor-587\" data-elementor-post-type=\"page\">\n\t\t\t\t<div class=\"elementor-element elementor-element-30b7971 e-flex e-con-boxed e-con e-parent\" data-id=\"30b7971\" data-element_type=\"container\" data-e-type=\"container\">\n\t\t\t\t\t<div class=\"e-con-inner\">\n\t\t\t\t<div class=\"elementor-element elementor-element-4173d66 elementor-widget elementor-widget-heading\" data-id=\"4173d66\" data-element_type=\"widget\" data-e-type=\"widget\" data-widget_type=\"heading.default\">\n\t\t\t\t\t<h2 class=\"elementor-heading-title elementor-size-default\">Mentions l\u00e9gales<\/h2>\t\t\t\t<\/div>\n\t\t\t\t<div class=\"elementor-element elementor-element-0234d1b elementor-widget elementor-widget-text-editor\" data-id=\"0234d1b\" data-element_type=\"widget\" data-e-type=\"widget\" data-widget_type=\"text-editor.default\">\n\t\t\t\t\t\t\t\t\t<p><b>1- INFORMATIONS G\u00c9N\u00c9RALES<\/b><\/p><p>En se connectant au pr\u00e9sent site, l\u2019utilisateur accepte express\u00e9ment ses modalit\u00e9s d\u2019utilisation d\u00e9crites ci-apr\u00e8s.<\/p><p>En vertu de l\u2019article 6 de la loi n\u00b0 2004-575 du 21 juin 2004 pour la confiance dans l\u2019\u00e9conomie num\u00e9rique, il est pr\u00e9cis\u00e9 aux utilisateurs du pr\u00e9sent site l\u2019identit\u00e9 des diff\u00e9rents intervenants dans le cadre de sa r\u00e9alisation et de son suivi.<\/p><p><br \/><b><\/b><\/p><p><b>2 &#8211; \u00c9DITEUR<\/b><\/p><p>Raison sociale : EQUALIS CONSULTING<\/p><p>Forme juridique\u00a0: SASU, soci\u00e9t\u00e9 par actions simplifi\u00e9e unipersonnelle<\/p><p>Capital social\u00a0: 3 000,00 \u20ac<\/p><p>Num\u00e9ro SIRET\u00a0: 99056909700019<\/p><p>Adresse\u00a0du si\u00e8ge social : 5 All\u00e9e des Milans 38800 Champagnier\u00a0<\/p><p>T\u00e9l\u00e9phone\u00a0: 06 83 27 23 70<\/p><p>Courriel\u00a0: gervraud.etienne@roange.fr<\/p><p>\u00a0<\/p><p><b>3 &#8211; H\u00c9BERGEUR<\/b><\/p><p>L\u2019h\u00e9bergeur du site <b>www.equalis-consulting.com<\/b> est la soci\u00e9t\u00e9 <b>Ionos <\/b>dont le si\u00e8ge social est situ\u00e9 au 7 Pl. de la Gare, 57200 Sarreguemines, avec le num\u00e9ro de t\u00e9l\u00e9phone : 09 70 80 89 11<\/p><p><br \/><b><\/b><\/p><p><b>4 &#8211; CONCEPTEUR<\/b><\/p><p>Le pr\u00e9sent site a \u00e9t\u00e9 con\u00e7u par NIDYANET GRENOBLE<\/p><p>Adresse\u00a0: 7 rue Charles P\u00e9guy &#8211; 38100 Grenoble<\/p><p>T\u00e9l\u00e9phone\u00a0: 04 76 70 20 84\u00a0<\/p><p>Email\u00a0: <a href=\"mailto:contact@nidyanet.com\">contact@nidyanet.com<\/a><\/p><p>Site : <a href=\"https:\/\/nidyanet.com\" target=\"_blank\" rel=\"noopener\">nidyanet.com<\/a><\/p><p>\u00a0<\/p><p><b>5 \u2013 PROTECTION DES DONN\u00c9ES PERSONNELLES<\/b><\/p><p>Le Site assure \u00e0 l&rsquo;Utilisateur une collecte et un traitement d&rsquo;informations personnelles dans le respect de la vie priv\u00e9e conform\u00e9ment \u00e0 la loi n\u00b078-17 du 6 janvier 1978 relative \u00e0 l&rsquo;informatique, aux fichiers et aux libert\u00e9s.<\/p><p>En vertu de la loi Informatique et Libert\u00e9s, en date du 6 janvier 1978, l&rsquo;Utilisateur dispose d&rsquo;un droit d&rsquo;acc\u00e8s, de rectification, de suppression et d&rsquo;opposition de ses donn\u00e9es personnelles. L&rsquo;Utilisateur exerce ce droit :<\/p><ul><li>par mail \u00e0 l&rsquo;adresse email contact@lavenir-batiment.fr<\/li><li>par voie postale au Rte des Troques, 69630 Chaponost<\/li><\/ul><p>\u00a0<\/p><p><b>6 &#8211; PROPRI\u00c9T\u00c9 INTELLECTUELLE<\/b><\/p><p>Le pr\u00e9sent site ainsi que chacun des \u00e9l\u00e9ments, incluant mais non limitativement, tous logos, ic\u00f4nes, infographies, photographies, animations, qui le composent sont la propri\u00e9t\u00e9 exclusive de la soci\u00e9t\u00e9 \u00e0 l\u2019exception des \u00e9l\u00e9ments de contenu appartenant \u00e0 d\u2019autres soci\u00e9t\u00e9s partenaires ou auteurs.\u00a0<\/p><p>\u00c0 ce titre, tous les \u00e9l\u00e9ments suscit\u00e9s sont prot\u00e9g\u00e9s au titre de la l\u00e9gislation internationale de la propri\u00e9t\u00e9 intellectuelle.\u00a0<\/p><p>Toute utilisation, reproduction, distribution, commercialisation, modification, adaptation, retransmission, repr\u00e9sentation ou publication, par quelque proc\u00e9d\u00e9 que ce soit, et sur quelque support que ce soit, de tout ou partie du site et\/ou des \u00e9l\u00e9ments qui le composent est strictement prohib\u00e9 sans l\u2019accord expresse et formul\u00e9 par \u00e9crit de la soci\u00e9t\u00e9 <b>Equalis<\/b>. Le non-respect de cette interdiction pourra entra\u00eener des actions et poursuites judiciaires telles que notamment pr\u00e9vues par le Code de la propri\u00e9t\u00e9 intellectuelle et le Code civil.<\/p><p>Le non-respect de cette interdiction constitue une contrefa\u00e7on pouvant engager la responsabilit\u00e9 civile et p\u00e9nale du contrefacteur.<\/p><p>\u00a0<\/p><p><b>7 &#8211; RESPONSABILIT\u00c9<\/b><\/p><p><b>Equalis <\/b>s\u2019efforce d\u2019assurer au mieux ses possibilit\u00e9s l\u2019exactitude et la mise \u00e0 jour des informations diffus\u00e9es sur le Site, dont elle se r\u00e9serve le droit de modifier le contenu \u00e0 tout moment et sans pr\u00e9avis.<\/p><p>Toutefois, <b>Equalis<\/b> ne saurait garantir l\u2019exactitude, la pr\u00e9cision et l\u2019exhaustivit\u00e9 des informations diffus\u00e9es sur le Site et ne saurait donc \u00eatre tenue pour responsable :\u00a0<\/p><ul><li aria-level=\"1\">de toute inexactitude, impr\u00e9cision ou omission de ou des informations, qu\u2019elle soit totale ou partielle<\/li><li aria-level=\"1\">de tout dommage \u00e9ventuel r\u00e9sultant d\u2019une intrusion informatique d\u2019un tiers ayant entra\u00een\u00e9 une modification desdites informations<\/li><li aria-level=\"1\">plus g\u00e9n\u00e9ralement, de tous dommages, directs ou indirects, qu\u2019elles qu\u2019en soient les causes, origines, natures et cons\u00e9quences, li\u00e9es \u00e0 l\u2019acc\u00e8s (ou \u00e0 l\u2019impossibilit\u00e9 d\u2019acc\u00e9der au Site), au contenu, \u00e0 l\u2019utilisation du Site et\/ou au cr\u00e9dit accord\u00e9 \u00e0 une quelconque information provenant de ce dernier<\/li><\/ul><p>De plus, l\u2019utilisateur du site s\u2019engage \u00e0 acc\u00e9der au site en utilisant un mat\u00e9riel r\u00e9cent, ne contenant pas de virus et avec un navigateur de derni\u00e8re g\u00e9n\u00e9ration mis-\u00e0-jour.<\/p><p>Les liens hypertextes mis en place dans le cadre du pr\u00e9sent site internet en direction d\u2019autres ressources pr\u00e9sentes sur le r\u00e9seau Internet ne sauraient engager la responsabilit\u00e9 de <b>Equalis<\/b>.<\/p><p><b>8 &#8211; LITIGES<\/b><\/p><p>Les conditions du pr\u00e9sent site sont r\u00e9gies par les lois fran\u00e7aises et toute contestation ou litiges qui pourraient na\u00eetre de l\u2019interpr\u00e9tation ou de l\u2019ex\u00e9cution de celles-ci seront de la comp\u00e9tence exclusive des tribunaux dont d\u00e9pend le si\u00e8ge social de la soci\u00e9t\u00e9.<\/p><p>En outre, la langue de r\u00e9f\u00e9rence, pour le r\u00e8glement de contentieux \u00e9ventuels, est le fran\u00e7ais.<\/p>\t\t\t\t\t\t\t\t<\/div>\n\t\t\t\t\t<\/div>\n\t\t\t\t<\/div>\n\t\t\t\t<\/div>","protected":false},"excerpt":{"rendered":"<p>Mentions l\u00e9gales 1- INFORMATIONS G\u00c9N\u00c9RALES En se connectant au pr\u00e9sent site, l\u2019utilisateur accepte express\u00e9ment ses modalit\u00e9s d\u2019utilisation d\u00e9crites ci-apr\u00e8s. En vertu de l\u2019article 6 de la loi n\u00b0 2004-575 du 21 juin 2004 pour la confiance dans l\u2019\u00e9conomie num\u00e9rique, il est pr\u00e9cis\u00e9 aux utilisateurs du pr\u00e9sent site l\u2019identit\u00e9 des diff\u00e9rents intervenants dans le cadre de [&hellip;]<\/p>\n","protected":false},"author":1,"featured_media":0,"parent":0,"menu_order":0,"comment_status":"closed","ping_status":"closed","template":"","meta":{"footnotes":""},"class_list":["post-587","page","type-page","status-publish","hentry"],"_links":{"self":[{"href":"https:\/\/equalis-consulting.com\/en\/wp-json\/wp\/v2\/pages\/587","targetHints":{"allow":["GET"]}}],"collection":[{"href":"https:\/\/equalis-consulting.com\/en\/wp-json\/wp\/v2\/pages"}],"about":[{"href":"https:\/\/equalis-consulting.com\/en\/wp-json\/wp\/v2\/types\/page"}],"author":[{"embeddable":true,"href":"https:\/\/equalis-consulting.com\/en\/wp-json\/wp\/v2\/users\/1"}],"replies":[{"embeddable":true,"href":"https:\/\/equalis-consulting.com\/en\/wp-json\/wp\/v2\/comments?post=587"}],"version-history":[{"count":7,"href":"https:\/\/equalis-consulting.com\/en\/wp-json\/wp\/v2\/pages\/587\/revisions"}],"predecessor-version":[{"id":977,"href":"https:\/\/equalis-consulting.com\/en\/wp-json\/wp\/v2\/pages\/587\/revisions\/977"}],"wp:attachment":[{"href":"https:\/\/equalis-consulting.com\/en\/wp-json\/wp\/v2\/media?parent=587"}],"curies":[{"name":"wp","href":"https:\/\/api.w.org\/{rel}","templated":true}]}}