{"id":60,"date":"2025-12-19T09:24:50","date_gmt":"2025-12-19T08:24:50","guid":{"rendered":"https:\/\/equalis-consulting.com\/?page_id=60"},"modified":"2026-01-28T10:31:58","modified_gmt":"2026-01-28T09:31:58","slug":"ils-nous-ont-fait-confiance","status":"publish","type":"page","link":"https:\/\/equalis-consulting.com\/en\/ils-nous-ont-fait-confiance\/","title":{"rendered":"Ils nous ont fait confiance"},"content":{"rendered":"<div data-elementor-type=\"wp-page\" data-elementor-id=\"60\" class=\"elementor elementor-60\" data-elementor-post-type=\"page\">\n\t\t\t\t<div class=\"elementor-element elementor-element-6918a53 e-flex e-con-boxed e-con e-parent\" data-id=\"6918a53\" data-element_type=\"container\" data-e-type=\"container\">\n\t\t\t\t\t<div class=\"e-con-inner\">\n\t\t\t\t<div class=\"elementor-element elementor-element-b7f7bed elementor-invisible elementor-widget elementor-widget-heading\" data-id=\"b7f7bed\" data-element_type=\"widget\" data-e-type=\"widget\" data-settings=\"{&quot;_animation&quot;:&quot;fadeInUp&quot;}\" data-widget_type=\"heading.default\">\n\t\t\t\t\t<h1 class=\"elementor-heading-title elementor-size-default\">Ils nous ont fait confiance<\/h1>\t\t\t\t<\/div>\n\t\t<div class=\"elementor-element elementor-element-e4ab121 e-con-full e-flex e-con e-child\" data-id=\"e4ab121\" data-element_type=\"container\" data-e-type=\"container\">\n\t\t<div class=\"elementor-element elementor-element-fa9f1f9 e-con-full e-flex e-con e-child\" data-id=\"fa9f1f9\" data-element_type=\"container\" data-e-type=\"container\">\n\t\t\t\t<div class=\"elementor-element elementor-element-6c9a9e8 elementor-widget__width-initial elementor-invisible elementor-widget elementor-widget-image\" data-id=\"6c9a9e8\" data-element_type=\"widget\" data-e-type=\"widget\" data-settings=\"{&quot;_animation&quot;:&quot;fadeInUp&quot;}\" data-widget_type=\"image.default\">\n\t\t\t\t\t\t\t\t\t\t\t\t\t\t\t<img fetchpriority=\"high\" decoding=\"async\" width=\"608\" height=\"541\" src=\"https:\/\/equalis-consulting.com\/wp-content\/uploads\/2026\/01\/aledia.png\" class=\"attachment-large size-large wp-image-1111\" alt=\"\" srcset=\"https:\/\/equalis-consulting.com\/wp-content\/uploads\/2026\/01\/aledia.png 608w, https:\/\/equalis-consulting.com\/wp-content\/uploads\/2026\/01\/aledia-300x267.png 300w, https:\/\/equalis-consulting.com\/wp-content\/uploads\/2026\/01\/aledia-13x12.png 13w\" sizes=\"(max-width: 608px) 100vw, 608px\" \/>\t\t\t\t\t\t\t\t\t\t\t\t\t\t\t<\/div>\n\t\t\t\t<div class=\"elementor-element elementor-element-c7cb532 elementor-widget__width-initial elementor-invisible elementor-widget elementor-widget-text-editor\" data-id=\"c7cb532\" data-element_type=\"widget\" data-e-type=\"widget\" data-settings=\"{&quot;_animation&quot;:&quot;fadeInUp&quot;}\" data-widget_type=\"text-editor.default\">\n\t\t\t\t\t\t\t\t\t<p style=\"font-weight: 400;\"><strong>L&rsquo;accompagnement d&rsquo;EQUALIS-Consulting : Expertise QSE et Agilit\u00e9 Op\u00e9rationnelle<\/strong><\/p><p style=\"font-weight: 400;\">Nous avons fait appel \u00e0 EQUALIS-Consulting pour une mission de <strong>22 semaines<\/strong>, \u00e0 raison de <strong>3 jours par semaine<\/strong> pour assurer la continuit\u00e9 de la gestion de notre SMQ pendant le cong\u00e9 maternit\u00e9 de notre ing\u00e9nieur qualit\u00e9.<\/p><p style=\"font-weight: 400;\">L&rsquo;objectif \u00e9tait double : maintenir notre syst\u00e8me de management de la qualit\u00e9, et g\u00e9rer notre syst\u00e8me documentaire (mise \u00e0 jour des processus, traitement rigoureux des non-conformit\u00e9s).<\/p><p style=\"font-weight: 400;\">Ce qui a particuli\u00e8rement distingu\u00e9 l\u2019intervention d&rsquo;EQUALIS-Consulting :<\/p><ul style=\"font-weight: 400;\"><li><strong>Une int\u00e9gration \u00e9clair :<\/strong> Monsieur Gervraud a fait preuve d\u2019une rapidit\u00e9 d\u2019assimilation remarquable de notre industrie de pointe et de nos processus internes.<\/li><li><strong>Expertise Technique &amp; Rigueur :<\/strong> Sa ma\u00eetrise approfondie des r\u00e9f\u00e9rentiels normatifs a permis de s\u00e9curiser nos jalons qualit\u00e9.<\/li><li><strong>Engagement et Dynamisme :<\/strong> Au-del\u00e0 de la comp\u00e9tence technique, c\u2019est une v\u00e9ritable \u00e9nergie et un souci constant de l\u2019am\u00e9lioration continue qui ont \u00e9t\u00e9 insuffl\u00e9s au projet.<\/li><li><strong>Valeurs Humaines :<\/strong> Nous avons hautement appr\u00e9ci\u00e9 son \u00e9thique professionnelle et sa transparence dans la communication.<\/li><\/ul><p style=\"font-weight: 400;\"><strong>En conclusion :<\/strong> Gr\u00e2ce \u00e0 son professionnalisme et \u00e0 sa vision structurante, EQUALIS-Consulting a \u00e9t\u00e9 un v\u00e9ritable partenaire de confiance pour Aledia. Je recommande vivement les services de Monsieur Gervraud \u00e0 toute entreprise exigeante en qu\u00eate d&rsquo;excellence QSE.<\/p>\t\t\t\t\t\t\t\t<\/div>\n\t\t\t\t<\/div>\n\t\t<div class=\"elementor-element elementor-element-7bd630e e-con-full e-flex e-con e-child\" data-id=\"7bd630e\" data-element_type=\"container\" data-e-type=\"container\">\n\t\t\t\t<div class=\"elementor-element elementor-element-5021132 elementor-widget__width-initial elementor-invisible elementor-widget elementor-widget-image\" data-id=\"5021132\" data-element_type=\"widget\" data-e-type=\"widget\" data-settings=\"{&quot;_animation&quot;:&quot;fadeInUp&quot;}\" data-widget_type=\"image.default\">\n\t\t\t\t\t\t\t\t\t\t\t\t\t\t\t<img decoding=\"async\" width=\"608\" height=\"541\" src=\"https:\/\/equalis-consulting.com\/wp-content\/uploads\/2026\/01\/imepsa.png\" class=\"attachment-large size-large wp-image-908\" alt=\"\" srcset=\"https:\/\/equalis-consulting.com\/wp-content\/uploads\/2026\/01\/imepsa.png 608w, https:\/\/equalis-consulting.com\/wp-content\/uploads\/2026\/01\/imepsa-300x267.png 300w, https:\/\/equalis-consulting.com\/wp-content\/uploads\/2026\/01\/imepsa-13x12.png 13w\" sizes=\"(max-width: 608px) 100vw, 608px\" \/>\t\t\t\t\t\t\t\t\t\t\t\t\t\t\t<\/div>\n\t\t\t\t<div class=\"elementor-element elementor-element-5e412a1 elementor-widget__width-initial elementor-invisible elementor-widget elementor-widget-text-editor\" data-id=\"5e412a1\" data-element_type=\"widget\" data-e-type=\"widget\" data-settings=\"{&quot;_animation&quot;:&quot;fadeInUp&quot;}\" data-widget_type=\"text-editor.default\">\n\t\t\t\t\t\t\t\t\t<p>Le groupe Imepsa Industrie a fait appel \u00e0 M. Gervraud dans le cadre de la refonte de son syst\u00e8me qualit\u00e9 ISO 9001.<\/p><p>L\u2019enjeu principal consistait \u00e0 harmoniser un syst\u00e8me qualit\u00e9 int\u00e9grant plusieurs sites distants aux activit\u00e9s vari\u00e9es (holding de gouvernance, injection, fabrication de moules, bureau d\u2019\u00e9tudes).<\/p><p>Gr\u00e2ce \u00e0 la qualit\u00e9 de son accompagnement, \u00e0 la pertinence de ses conseils et \u00e0 son expertise, M. Gervraud a permis \u00e0 Imepsa de mener \u00e0 bien cette d\u00e9marche en vue d\u2019une certification.<\/p><p>Ses exp\u00e9riences multiples, son professionnalisme et son pragmatisme ont \u00e9t\u00e9 d\u2019une aide particuli\u00e8rement pr\u00e9cieuse pour le groupe IMEPSA.<\/p>\t\t\t\t\t\t\t\t<\/div>\n\t\t\t\t<\/div>\n\t\t<div class=\"elementor-element elementor-element-bc8f776 e-con-full e-flex e-con e-child\" data-id=\"bc8f776\" data-element_type=\"container\" data-e-type=\"container\">\n\t\t\t\t<div class=\"elementor-element elementor-element-1035cc6 elementor-widget__width-initial elementor-invisible elementor-widget elementor-widget-image\" data-id=\"1035cc6\" data-element_type=\"widget\" data-e-type=\"widget\" data-settings=\"{&quot;_animation&quot;:&quot;fadeInUp&quot;}\" data-widget_type=\"image.default\">\n\t\t\t\t\t\t\t\t\t\t\t\t\t\t\t<img decoding=\"async\" width=\"304\" height=\"271\" src=\"https:\/\/equalis-consulting.com\/wp-content\/uploads\/2026\/01\/microtch.png\" class=\"attachment-large size-large wp-image-1080\" alt=\"\" srcset=\"https:\/\/equalis-consulting.com\/wp-content\/uploads\/2026\/01\/microtch.png 304w, https:\/\/equalis-consulting.com\/wp-content\/uploads\/2026\/01\/microtch-300x267.png 300w, https:\/\/equalis-consulting.com\/wp-content\/uploads\/2026\/01\/microtch-13x12.png 13w\" sizes=\"(max-width: 304px) 100vw, 304px\" \/>\t\t\t\t\t\t\t\t\t\t\t\t\t\t\t<\/div>\n\t\t\t\t<div class=\"elementor-element elementor-element-ed7445c elementor-widget__width-initial elementor-invisible elementor-widget elementor-widget-text-editor\" data-id=\"ed7445c\" data-element_type=\"widget\" data-e-type=\"widget\" data-settings=\"{&quot;_animation&quot;:&quot;fadeInUp&quot;}\" data-widget_type=\"text-editor.default\">\n\t\t\t\t\t\t\t\t\t<p>En tant que Directrice Qualit\u00e9 au sein de Microtechnic, j\u2019ai eu l\u2019opportunit\u00e9 de collaborer avec Monsieur GERVRAUD dans le cadre du processus de qualification de nos sites en Tunisie selon le r\u00e9f\u00e9rentiel VDA 6.3.Cette mission impliquait \u00e9galement l\u2019\u00e9valuation nos sous-traitants locaux, notamment un laboratoire et un mouliste.<\/p>\n<p>L\u2019intervention de Monsieur GERVRAUD a jou\u00e9 un r\u00f4le d\u00e9terminant dans la r\u00e9ussite du projet. Son accompagnement a permis de structurer efficacement notre d\u00e9marche, de r\u00e9duire les \u00e9carts identifi\u00e9s lors des premi\u00e8res \u00e9valuations.<\/p>\n<p>Durant les audits, sa ma\u00eetrise des Core Tools \u2014 notamment le PPAP, l\u2019AMDEC, le SPC et le MSA \u2014 a apport\u00e9 une r\u00e9elle valeur ajout\u00e9e.<\/p>\n<p>Son approche m\u00e9thodique et orient\u00e9e performance a permis d\u2019\u00e9valuer avec pr\u00e9cision la robustesse de nos processus et de guider nos \u00e9quipes dans leur am\u00e9lioration continue.<\/p>\n<p>J\u2019ai particuli\u00e8rement appr\u00e9ci\u00e9 sa rigueur, sa capacit\u00e9 d\u2019analyse, alli\u00e9 \u00e0 un suivi constant et constructif, a \u00e9t\u00e9 un v\u00e9ritable moteur dans l\u2019avancement du dossier.<\/p>\n<p>Un accompagnement exigeant mais toujours orient\u00e9 r\u00e9sultats, men\u00e9 avec professionnalisme et un v\u00e9ritable esprit de collaboration.<\/p>\t\t\t\t\t\t\t\t<\/div>\n\t\t\t\t<\/div>\n\t\t\t\t<\/div>\n\t\t\t\t\t<\/div>\n\t\t\t\t<\/div>\n\t\t\t\t<\/div>","protected":false},"excerpt":{"rendered":"<p>Ils nous ont fait confiance L&rsquo;accompagnement d&rsquo;EQUALIS-Consulting : Expertise QSE et Agilit\u00e9 Op\u00e9rationnelle Nous avons fait appel \u00e0 EQUALIS-Consulting pour une mission de 22 semaines, \u00e0 raison de 3 jours par semaine pour assurer la continuit\u00e9 de la gestion de notre SMQ pendant le cong\u00e9 maternit\u00e9 de notre ing\u00e9nieur qualit\u00e9. L&rsquo;objectif \u00e9tait double : maintenir [&hellip;]<\/p>\n","protected":false},"author":1,"featured_media":31,"parent":0,"menu_order":0,"comment_status":"closed","ping_status":"closed","template":"","meta":{"footnotes":""},"class_list":["post-60","page","type-page","status-publish","has-post-thumbnail","hentry"],"_links":{"self":[{"href":"https:\/\/equalis-consulting.com\/en\/wp-json\/wp\/v2\/pages\/60","targetHints":{"allow":["GET"]}}],"collection":[{"href":"https:\/\/equalis-consulting.com\/en\/wp-json\/wp\/v2\/pages"}],"about":[{"href":"https:\/\/equalis-consulting.com\/en\/wp-json\/wp\/v2\/types\/page"}],"author":[{"embeddable":true,"href":"https:\/\/equalis-consulting.com\/en\/wp-json\/wp\/v2\/users\/1"}],"replies":[{"embeddable":true,"href":"https:\/\/equalis-consulting.com\/en\/wp-json\/wp\/v2\/comments?post=60"}],"version-history":[{"count":23,"href":"https:\/\/equalis-consulting.com\/en\/wp-json\/wp\/v2\/pages\/60\/revisions"}],"predecessor-version":[{"id":1121,"href":"https:\/\/equalis-consulting.com\/en\/wp-json\/wp\/v2\/pages\/60\/revisions\/1121"}],"wp:featuredmedia":[{"embeddable":true,"href":"https:\/\/equalis-consulting.com\/en\/wp-json\/wp\/v2\/media\/31"}],"wp:attachment":[{"href":"https:\/\/equalis-consulting.com\/en\/wp-json\/wp\/v2\/media?parent=60"}],"curies":[{"name":"wp","href":"https:\/\/api.w.org\/{rel}","templated":true}]}}